{"id":104,"date":"2024-07-12T22:15:00","date_gmt":"2024-07-12T20:15:00","guid":{"rendered":"https:\/\/parafiaraciborsko.pl\/?page_id=104"},"modified":"2024-07-13T11:42:44","modified_gmt":"2024-07-13T09:42:44","slug":"historia-parafii","status":"publish","type":"page","link":"https:\/\/parafiaraciborsko.pl\/?page_id=104","title":{"rendered":"Historia Parafii"},"content":{"rendered":"\n<p>Wie\u015b Graj\u00f3w nale\u017cy obecnie, w przewa\u017caj\u0105cej wi\u0119kszo\u015bci, do Parafii NMP Kr\u00f3lowej Polski w Raciborsku, a w mniejszej cz\u0119\u015bci (Zalesie, cz\u0119\u015b\u0107 Zakowej) do Parafii Dziekanowice.<\/p>\n\n\n\n<p>Parafia w Raciborsku zosta\u0142a erygowana przez Metropolit\u0119 Krakowskiego, Ks. Kardyna\u0142a Franciszka Macharskiego, w dniu 19 marca 1984 roku. Utworzona zosta\u0142a z miejscowo\u015bci, nale\u017c\u0105cych uprzednio g\u0142\u00f3wnie do Parafii pw. \u015aw. Klemensa w Wieliczce, a w niewielkim stopniu do s\u0105siednich parafii: Dziekanowice i Gorzk\u00f3w. W sk\u0142ad parafii wesz\u0142y: cz\u0119\u015b\u0107 Raciborska (po\u0142owa miejscowo\u015bci), wi\u0119ksz\u0105 cz\u0119\u015b\u0107 Grajowa, cz\u0119\u015b\u0107 Ko\u017amic Ma\u0142ych i w niewielkich cz\u0119\u015bciach: Jank\u00f3wka, Chor\u0105gwica i Mietni\u00f3w. Geograficznie ko\u015bci\u00f3\u0142 parafialny usytuowany jest na styku miejscowo\u015bci: Raciborsko, Mietni\u00f3w, Chor\u0105gwica, Graj\u00f3w.<\/p>\n","protected":false},"excerpt":{"rendered":"<p>Wie\u015b Graj\u00f3w nale\u017cy obecnie, w przewa\u017caj\u0105cej wi\u0119kszo\u015bci, do Parafii NMP Kr\u00f3lowej Polski w Raciborsku, a w mniejszej cz\u0119\u015bci (Zalesie, cz\u0119\u015b\u0107 Zakowej) do Parafii Dziekanowice. Parafia w Raciborsku zosta\u0142a erygowana przez Metropolit\u0119 Krakowskiego, Ks. Kardyna\u0142a Franciszka Macharskiego, w dniu 19 marca 1984 roku. Utworzona zosta\u0142a z miejscowo\u015bci, nale\u017c\u0105cych uprzednio g\u0142\u00f3wnie do Parafii pw. \u015aw. Klemensa w [&hellip;]<\/p>\n","protected":false},"author":1,"featured_media":0,"parent":0,"menu_order":0,"comment_status":"closed","ping_status":"closed","template":"","meta":{"footnotes":""},"class_list":["post-104","page","type-page","status-publish","hentry"],"_links":{"self":[{"href":"https:\/\/parafiaraciborsko.pl\/index.php?rest_route=\/wp\/v2\/pages\/104","targetHints":{"allow":["GET"]}}],"collection":[{"href":"https:\/\/parafiaraciborsko.pl\/index.php?rest_route=\/wp\/v2\/pages"}],"about":[{"href":"https:\/\/parafiaraciborsko.pl\/index.php?rest_route=\/wp\/v2\/types\/page"}],"author":[{"embeddable":true,"href":"https:\/\/parafiaraciborsko.pl\/index.php?rest_route=\/wp\/v2\/users\/1"}],"replies":[{"embeddable":true,"href":"https:\/\/parafiaraciborsko.pl\/index.php?rest_route=%2Fwp%2Fv2%2Fcomments&post=104"}],"version-history":[{"count":1,"href":"https:\/\/parafiaraciborsko.pl\/index.php?rest_route=\/wp\/v2\/pages\/104\/revisions"}],"predecessor-version":[{"id":105,"href":"https:\/\/parafiaraciborsko.pl\/index.php?rest_route=\/wp\/v2\/pages\/104\/revisions\/105"}],"wp:attachment":[{"href":"https:\/\/parafiaraciborsko.pl\/index.php?rest_route=%2Fwp%2Fv2%2Fmedia&parent=104"}],"curies":[{"name":"wp","href":"https:\/\/api.w.org\/{rel}","templated":true}]}}